{"id":14,"date":"2023-09-18T09:20:38","date_gmt":"2023-09-18T09:20:38","guid":{"rendered":"https:\/\/fuscova.com\/?page_id=14"},"modified":"2026-04-26T14:54:04","modified_gmt":"2026-04-26T14:54:04","slug":"sobre-nosotros","status":"publish","type":"page","link":"https:\/\/fuscova.com\/?page_id=14","title":{"rendered":"Sobre nosotros"},"content":{"rendered":"<div id=\"pl-14\"  class=\"panel-layout\" ><div id=\"pg-14-0\"  class=\"panel-grid panel-has-style\" ><div class=\"siteorigin-panels-stretch panel-row-style panel-row-style-for-14-0\" data-stretch-type=\"full-stretched\" ><div id=\"pgc-14-0-0\"  class=\"panel-grid-cell\" ><div id=\"panel-14-0-0-0\" class=\"so-panel widget widget_sow-hero panel-first-child panel-last-child\" data-index=\"0\" ><div\n\t\t\t\n\t\t\tclass=\"so-widget-sow-hero so-widget-sow-hero-default-d454166817d6-14 so-widget-fittext-wrapper\"\n\t\t\t data-fit-text-compressor=\"0.85\"\n\t\t>\t\t\t\t<div class=\"sow-slider-base\" style=\"display: none\" tabindex=\"0\">\n\t\t\t\t\t<ul\n\t\t\t\t\tclass=\"sow-slider-images\"\n\t\t\t\t\tdata-settings=\"{&quot;pagination&quot;:true,&quot;speed&quot;:800,&quot;timeout&quot;:8000,&quot;paused&quot;:false,&quot;pause_on_hover&quot;:false,&quot;swipe&quot;:true,&quot;nav_always_show_desktop&quot;:&quot;&quot;,&quot;nav_always_show_mobile&quot;:&quot;&quot;,&quot;breakpoint&quot;:&quot;780px&quot;,&quot;unmute&quot;:false,&quot;anchor&quot;:null}\"\n\t\t\t\t\tstyle=\"min-height: 715px\"\t\t\t\t\tdata-anchor-id=\"\"\n\t\t\t\t>\t\t<li class=\"sow-slider-image  sow-slider-image-cover\" style=\"visibility: visible;;background-color: #333333\" >\n\t\t\t\t\t<div class=\"sow-slider-image-container\">\n\t\t\t<div class=\"sow-slider-image-wrapper\">\n\t\t\t\t<h1 style=\"text-align: center\">SOBRE NOSOTROS<\/h1>\n<h3 style=\"text-align: center\"><\/h3>\n<p style=\"text-align: center\">\n<\/p>\t\t\t<\/div>\n\t\t<\/div>\n\t\t<div class=\"sow-slider-image-overlay sow-slider-image-cover\" style=\"background-image: url(https:\/\/fuscova.com\/wp-content\/uploads\/2023\/09\/pexels-clem-onojeghuo-175709-scaled.jpg);opacity: 0.5\"  ><\/div>\t\t<\/li>\n\t\t<\/ul>\t\t\t\t<ol class=\"sow-slider-pagination\">\n\t\t\t\t\t\t\t\t\t\t\t<li><a href=\"#\" data-goto=\"0\" aria-label=\"mostrar diapositiva 1\"><\/a><\/li>\n\t\t\t\t\t\t\t\t\t<\/ol>\n\n\t\t\t\t<div class=\"sow-slide-nav sow-slide-nav-next\">\n\t\t\t\t\t<a href=\"#\" data-goto=\"next\" aria-label=\"diapositiva siguiente\" data-action=\"next\">\n\t\t\t\t\t\t<em class=\"sow-sld-icon-thin-right\"><\/em>\n\t\t\t\t\t<\/a>\n\t\t\t\t<\/div>\n\n\t\t\t\t<div class=\"sow-slide-nav sow-slide-nav-prev\">\n\t\t\t\t\t<a href=\"#\" data-goto=\"previous\" aria-label=\"diapositiva anterior\" data-action=\"prev\">\n\t\t\t\t\t\t<em class=\"sow-sld-icon-thin-left\"><\/em>\n\t\t\t\t\t<\/a>\n\t\t\t\t<\/div>\n\t\t\t\t<\/div><\/div><\/div><\/div><\/div><\/div><div id=\"pg-14-1\"  class=\"panel-grid panel-no-style\" ><div id=\"pgc-14-1-0\"  class=\"panel-grid-cell panel-grid-cell-empty\" ><\/div><\/div><div id=\"pg-14-2\"  class=\"panel-grid panel-no-style\" ><div id=\"pgc-14-2-0\"  class=\"panel-grid-cell\" ><div id=\"panel-14-2-0-0\" class=\"so-panel widget widget_text panel-first-child panel-last-child\" data-index=\"1\" >\t\t\t<div class=\"textwidget\"><p>&nbsp;<\/p>\n<p><strong>\u201cEn FUSCOVA S.L. estamos comprometidos con el medio ambiente, por lo que en el 2023 hemos instalado Paneles Solares Fotovoltaicos en nuestras instalaciones, proyecto acogido al programa de incentivos ligados al autoconsumo y almacenamiento, con fuentes de energ\u00eda renovable, financiado por la Uni\u00f3n Europea con cargo al Fondo NextGenerationEU, en el marco del Plan de Recuperaci\u00f3n, Transformaci\u00f3n y Resiliencia, en colaboraci\u00f3n con el ministerio para la Transici\u00f3n Ecol\u00f3gica y el Reto demogr\u00e1fico, a trav\u00e9s del IDAE\u201d.<\/strong><\/p>\n<\/div>\n\t\t<\/div><\/div><\/div><div id=\"pg-14-3\"  class=\"panel-grid panel-no-style\" ><div id=\"pgc-14-3-0\"  class=\"panel-grid-cell\" ><div id=\"panel-14-3-0-0\" class=\"so-panel widget widget_media_image panel-first-child panel-last-child\" data-index=\"2\" ><img loading=\"lazy\" decoding=\"async\" width=\"1754\" height=\"1241\" src=\"https:\/\/fuscova.com\/wp-content\/uploads\/2026\/04\/Anexo03bCARTEL_PROYECTOS_COMPONENTE_7_page-0001.jpg\" class=\"image wp-image-224  attachment-full size-full\" alt=\"\" style=\"max-width: 100%; height: auto;\" srcset=\"https:\/\/fuscova.com\/wp-content\/uploads\/2026\/04\/Anexo03bCARTEL_PROYECTOS_COMPONENTE_7_page-0001.jpg 1754w, https:\/\/fuscova.com\/wp-content\/uploads\/2026\/04\/Anexo03bCARTEL_PROYECTOS_COMPONENTE_7_page-0001-300x212.jpg 300w, https:\/\/fuscova.com\/wp-content\/uploads\/2026\/04\/Anexo03bCARTEL_PROYECTOS_COMPONENTE_7_page-0001-1024x725.jpg 1024w, https:\/\/fuscova.com\/wp-content\/uploads\/2026\/04\/Anexo03bCARTEL_PROYECTOS_COMPONENTE_7_page-0001-768x543.jpg 768w, https:\/\/fuscova.com\/wp-content\/uploads\/2026\/04\/Anexo03bCARTEL_PROYECTOS_COMPONENTE_7_page-0001-1536x1087.jpg 1536w\" sizes=\"auto, (max-width: 1754px) 100vw, 1754px\" \/><\/div><\/div><\/div><div id=\"pg-14-4\"  class=\"panel-grid panel-no-style\" ><div id=\"pgc-14-4-0\"  class=\"panel-grid-cell\" ><div id=\"panel-14-4-0-0\" class=\"so-panel widget widget_text panel-first-child panel-last-child\" data-index=\"3\" >\t\t\t<div class=\"textwidget\"><p>&nbsp;<\/p>\n<p><strong>\u00abAsi mismo, Fuscova S.L. ha recibido una ayuda de 2900\u20ac destinada a la compra de veh\u00edculo el\u00e9ctrico por la Generalitat Valenciana Programa MOVES III) y de la Uni\u00f3n Europea con cargo al Fondo NextGenerationEU, en el marco del Plan de Recuperaci\u00f3n, Trasformaci\u00f3n y Resiliencia, para la adquisici\u00f3n de veh\u00edculos el\u00e9ctricos \u201cenchufables\u201d y de pila combustible dentro del Programa de incentivos a la movilidad eficiente y sostenible (Programa MOVES III Veh\u00edculos Comunitat Valenciana) del Ministerio para la Transici\u00f3n Ecol\u00f3gica y el Reto Demogr\u00e1fico a trav\u00e9s del IDAE, gestionado por el Instituto Valenciano de Competitividad Empresarial (IVACE).\u201d<\/strong><\/p>\n<\/div>\n\t\t<\/div><\/div><\/div><\/div>","protected":false},"excerpt":{"rendered":"<p>SOBRE NOSOTROS &nbsp; \u201cEn FUSCOVA S.L. estamos comprometidos con el medio ambiente, por lo que en el 2023 hemos instalado Paneles Solares Fotovoltaicos en nuestras instalaciones, proyecto acogido al programa de incentivos ligados al autoconsumo y almacenamiento, con fuentes de energ\u00eda renovable, financiado por la Uni\u00f3n Europea con cargo al Fondo NextGenerationEU, en el marco&hellip;<\/p>\n","protected":false},"author":1,"featured_media":0,"parent":0,"menu_order":0,"comment_status":"closed","ping_status":"closed","template":"","meta":{"footnotes":""},"class_list":["post-14","page","type-page","status-publish","hentry","post"],"yoast_head":"<!-- This site is optimized with the Yoast SEO plugin v21.2 - https:\/\/yoast.com\/wordpress\/plugins\/seo\/ -->\n<title>Sobre nosotros - FUSCOVA<\/title>\n<meta name=\"robots\" content=\"index, follow, max-snippet:-1, max-image-preview:large, max-video-preview:-1\" \/>\n<link rel=\"canonical\" href=\"https:\/\/fuscova.com\/?page_id=14\" \/>\n<meta property=\"og:locale\" content=\"es_ES\" \/>\n<meta property=\"og:type\" content=\"article\" \/>\n<meta property=\"og:title\" content=\"Sobre nosotros - FUSCOVA\" \/>\n<meta property=\"og:description\" content=\"SOBRE NOSOTROS &nbsp; \u201cEn FUSCOVA S.L. estamos comprometidos con el medio ambiente, por lo que en el 2023 hemos instalado Paneles Solares Fotovoltaicos en nuestras instalaciones, proyecto acogido al programa de incentivos ligados al autoconsumo y almacenamiento, con fuentes de energ\u00eda renovable, financiado por la Uni\u00f3n Europea con cargo al Fondo NextGenerationEU, en el marco&hellip;\" \/>\n<meta property=\"og:url\" content=\"https:\/\/fuscova.com\/?page_id=14\" \/>\n<meta property=\"og:site_name\" content=\"FUSCOVA\" \/>\n<meta property=\"article:modified_time\" content=\"2026-04-26T14:54:04+00:00\" \/>\n<meta name=\"twitter:card\" content=\"summary_large_image\" \/>\n<meta name=\"twitter:label1\" content=\"Tiempo de lectura\" \/>\n\t<meta name=\"twitter:data1\" content=\"1 minuto\" \/>\n<script type=\"application\/ld+json\" class=\"yoast-schema-graph\">{\"@context\":\"https:\/\/schema.org\",\"@graph\":[{\"@type\":\"WebPage\",\"@id\":\"https:\/\/fuscova.com\/?page_id=14\",\"url\":\"https:\/\/fuscova.com\/?page_id=14\",\"name\":\"Sobre nosotros - FUSCOVA\",\"isPartOf\":{\"@id\":\"https:\/\/fuscova.com\/#website\"},\"datePublished\":\"2023-09-18T09:20:38+00:00\",\"dateModified\":\"2026-04-26T14:54:04+00:00\",\"breadcrumb\":{\"@id\":\"https:\/\/fuscova.com\/?page_id=14#breadcrumb\"},\"inLanguage\":\"es\",\"potentialAction\":[{\"@type\":\"ReadAction\",\"target\":[\"https:\/\/fuscova.com\/?page_id=14\"]}]},{\"@type\":\"BreadcrumbList\",\"@id\":\"https:\/\/fuscova.com\/?page_id=14#breadcrumb\",\"itemListElement\":[{\"@type\":\"ListItem\",\"position\":1,\"name\":\"Portada\",\"item\":\"https:\/\/fuscova.com\/\"},{\"@type\":\"ListItem\",\"position\":2,\"name\":\"Sobre nosotros\"}]},{\"@type\":\"WebSite\",\"@id\":\"https:\/\/fuscova.com\/#website\",\"url\":\"https:\/\/fuscova.com\/\",\"name\":\"FUSCOVA\",\"description\":\"Empresa dedicada a la carpinteria en general: ba\u00f1os, cocinas, puertas, armarios...\",\"publisher\":{\"@id\":\"https:\/\/fuscova.com\/#organization\"},\"potentialAction\":[{\"@type\":\"SearchAction\",\"target\":{\"@type\":\"EntryPoint\",\"urlTemplate\":\"https:\/\/fuscova.com\/?s={search_term_string}\"},\"query-input\":\"required name=search_term_string\"}],\"inLanguage\":\"es\"},{\"@type\":\"Organization\",\"@id\":\"https:\/\/fuscova.com\/#organization\",\"name\":\"FUSCOVA\",\"url\":\"https:\/\/fuscova.com\/\",\"logo\":{\"@type\":\"ImageObject\",\"inLanguage\":\"es\",\"@id\":\"https:\/\/fuscova.com\/#\/schema\/logo\/image\/\",\"url\":\"https:\/\/fuscova.com\/wp-content\/uploads\/2023\/09\/original-logos_fuscovaPequena-1.jpg\",\"contentUrl\":\"https:\/\/fuscova.com\/wp-content\/uploads\/2023\/09\/original-logos_fuscovaPequena-1.jpg\",\"width\":500,\"height\":250,\"caption\":\"FUSCOVA\"},\"image\":{\"@id\":\"https:\/\/fuscova.com\/#\/schema\/logo\/image\/\"}}]}<\/script>\n<!-- \/ Yoast SEO plugin. -->","yoast_head_json":{"title":"Sobre nosotros - FUSCOVA","robots":{"index":"index","follow":"follow","max-snippet":"max-snippet:-1","max-image-preview":"max-image-preview:large","max-video-preview":"max-video-preview:-1"},"canonical":"https:\/\/fuscova.com\/?page_id=14","og_locale":"es_ES","og_type":"article","og_title":"Sobre nosotros - FUSCOVA","og_description":"SOBRE NOSOTROS &nbsp; \u201cEn FUSCOVA S.L. estamos comprometidos con el medio ambiente, por lo que en el 2023 hemos instalado Paneles Solares Fotovoltaicos en nuestras instalaciones, proyecto acogido al programa de incentivos ligados al autoconsumo y almacenamiento, con fuentes de energ\u00eda renovable, financiado por la Uni\u00f3n Europea con cargo al Fondo NextGenerationEU, en el marco&hellip;","og_url":"https:\/\/fuscova.com\/?page_id=14","og_site_name":"FUSCOVA","article_modified_time":"2026-04-26T14:54:04+00:00","twitter_card":"summary_large_image","twitter_misc":{"Tiempo de lectura":"1 minuto"},"schema":{"@context":"https:\/\/schema.org","@graph":[{"@type":"WebPage","@id":"https:\/\/fuscova.com\/?page_id=14","url":"https:\/\/fuscova.com\/?page_id=14","name":"Sobre nosotros - FUSCOVA","isPartOf":{"@id":"https:\/\/fuscova.com\/#website"},"datePublished":"2023-09-18T09:20:38+00:00","dateModified":"2026-04-26T14:54:04+00:00","breadcrumb":{"@id":"https:\/\/fuscova.com\/?page_id=14#breadcrumb"},"inLanguage":"es","potentialAction":[{"@type":"ReadAction","target":["https:\/\/fuscova.com\/?page_id=14"]}]},{"@type":"BreadcrumbList","@id":"https:\/\/fuscova.com\/?page_id=14#breadcrumb","itemListElement":[{"@type":"ListItem","position":1,"name":"Portada","item":"https:\/\/fuscova.com\/"},{"@type":"ListItem","position":2,"name":"Sobre nosotros"}]},{"@type":"WebSite","@id":"https:\/\/fuscova.com\/#website","url":"https:\/\/fuscova.com\/","name":"FUSCOVA","description":"Empresa dedicada a la carpinteria en general: ba\u00f1os, cocinas, puertas, armarios...","publisher":{"@id":"https:\/\/fuscova.com\/#organization"},"potentialAction":[{"@type":"SearchAction","target":{"@type":"EntryPoint","urlTemplate":"https:\/\/fuscova.com\/?s={search_term_string}"},"query-input":"required name=search_term_string"}],"inLanguage":"es"},{"@type":"Organization","@id":"https:\/\/fuscova.com\/#organization","name":"FUSCOVA","url":"https:\/\/fuscova.com\/","logo":{"@type":"ImageObject","inLanguage":"es","@id":"https:\/\/fuscova.com\/#\/schema\/logo\/image\/","url":"https:\/\/fuscova.com\/wp-content\/uploads\/2023\/09\/original-logos_fuscovaPequena-1.jpg","contentUrl":"https:\/\/fuscova.com\/wp-content\/uploads\/2023\/09\/original-logos_fuscovaPequena-1.jpg","width":500,"height":250,"caption":"FUSCOVA"},"image":{"@id":"https:\/\/fuscova.com\/#\/schema\/logo\/image\/"}}]}},"_links":{"self":[{"href":"https:\/\/fuscova.com\/index.php?rest_route=\/wp\/v2\/pages\/14","targetHints":{"allow":["GET"]}}],"collection":[{"href":"https:\/\/fuscova.com\/index.php?rest_route=\/wp\/v2\/pages"}],"about":[{"href":"https:\/\/fuscova.com\/index.php?rest_route=\/wp\/v2\/types\/page"}],"author":[{"embeddable":true,"href":"https:\/\/fuscova.com\/index.php?rest_route=\/wp\/v2\/users\/1"}],"replies":[{"embeddable":true,"href":"https:\/\/fuscova.com\/index.php?rest_route=%2Fwp%2Fv2%2Fcomments&post=14"}],"version-history":[{"count":16,"href":"https:\/\/fuscova.com\/index.php?rest_route=\/wp\/v2\/pages\/14\/revisions"}],"predecessor-version":[{"id":228,"href":"https:\/\/fuscova.com\/index.php?rest_route=\/wp\/v2\/pages\/14\/revisions\/228"}],"wp:attachment":[{"href":"https:\/\/fuscova.com\/index.php?rest_route=%2Fwp%2Fv2%2Fmedia&parent=14"}],"curies":[{"name":"wp","href":"https:\/\/api.w.org\/{rel}","templated":true}]}}