{"id":7,"date":"2023-09-18T09:18:42","date_gmt":"2023-09-18T09:18:42","guid":{"rendered":"https:\/\/fuscova.com\/?page_id=7"},"modified":"2023-09-22T11:36:14","modified_gmt":"2023-09-22T11:36:14","slug":"contacto","status":"publish","type":"page","link":"https:\/\/fuscova.com\/?page_id=7","title":{"rendered":"Contacto"},"content":{"rendered":"<div id=\"pl-7\"  class=\"panel-layout\" ><div id=\"pg-7-0\"  class=\"panel-grid panel-has-style\" ><div class=\"siteorigin-panels-stretch panel-row-style panel-row-style-for-7-0\" data-stretch-type=\"full-stretched\" ><div id=\"pgc-7-0-0\"  class=\"panel-grid-cell\" ><div id=\"panel-7-0-0-0\" class=\"so-panel widget widget_sow-hero panel-first-child panel-last-child\" data-index=\"0\" ><div\n\t\t\t\n\t\t\tclass=\"so-widget-sow-hero so-widget-sow-hero-default-d454166817d6-7 so-widget-fittext-wrapper\"\n\t\t\t data-fit-text-compressor=\"0.85\"\n\t\t>\t\t\t\t<div class=\"sow-slider-base\" style=\"display: none\" tabindex=\"0\">\n\t\t\t\t\t<ul\n\t\t\t\t\tclass=\"sow-slider-images\"\n\t\t\t\t\tdata-settings=\"{&quot;pagination&quot;:true,&quot;speed&quot;:800,&quot;timeout&quot;:8000,&quot;paused&quot;:false,&quot;pause_on_hover&quot;:false,&quot;swipe&quot;:true,&quot;nav_always_show_desktop&quot;:&quot;&quot;,&quot;nav_always_show_mobile&quot;:&quot;&quot;,&quot;breakpoint&quot;:&quot;780px&quot;,&quot;unmute&quot;:false,&quot;anchor&quot;:null}\"\n\t\t\t\t\tstyle=\"min-height: 715px\"\t\t\t\t\tdata-anchor-id=\"\"\n\t\t\t\t>\t\t<li class=\"sow-slider-image  sow-slider-image-cover\" style=\"visibility: visible;;background-color: #333333\" >\n\t\t\t\t\t<div class=\"sow-slider-image-container\">\n\t\t\t<div class=\"sow-slider-image-wrapper\">\n\t\t\t\t<h3 style=\"text-align: center\">CONTACTO<\/h3>\n<p style=\"text-align: center\">\n<\/p>\t\t\t<\/div>\n\t\t<\/div>\n\t\t<div class=\"sow-slider-image-overlay sow-slider-image-cover\" style=\"background-image: url(https:\/\/fuscova.com\/wp-content\/uploads\/2023\/09\/pexels-fwstudio-129723-1-scaled.jpg);opacity: 0.5\"  ><\/div>\t\t<\/li>\n\t\t<\/ul>\t\t\t\t<ol class=\"sow-slider-pagination\">\n\t\t\t\t\t\t\t\t\t\t\t<li><a href=\"#\" data-goto=\"0\" aria-label=\"mostrar diapositiva 1\"><\/a><\/li>\n\t\t\t\t\t\t\t\t\t<\/ol>\n\n\t\t\t\t<div class=\"sow-slide-nav sow-slide-nav-next\">\n\t\t\t\t\t<a href=\"#\" data-goto=\"next\" aria-label=\"diapositiva siguiente\" data-action=\"next\">\n\t\t\t\t\t\t<em class=\"sow-sld-icon-thin-right\"><\/em>\n\t\t\t\t\t<\/a>\n\t\t\t\t<\/div>\n\n\t\t\t\t<div class=\"sow-slide-nav sow-slide-nav-prev\">\n\t\t\t\t\t<a href=\"#\" data-goto=\"previous\" aria-label=\"diapositiva anterior\" data-action=\"prev\">\n\t\t\t\t\t\t<em class=\"sow-sld-icon-thin-left\"><\/em>\n\t\t\t\t\t<\/a>\n\t\t\t\t<\/div>\n\t\t\t\t<\/div><\/div><\/div><\/div><\/div><\/div><div id=\"pg-7-1\"  class=\"panel-grid panel-has-style\" ><div class=\"siteorigin-panels-stretch panel-row-style panel-row-style-for-7-1\" id=\"contact\" data-stretch-type=\"full\" ><div id=\"pgc-7-1-0\"  class=\"panel-grid-cell\" ><div id=\"panel-7-1-0-0\" class=\"so-panel widget widget_sow-headline panel-first-child panel-last-child\" data-index=\"1\" ><div\n\t\t\t\n\t\t\tclass=\"so-widget-sow-headline so-widget-sow-headline-default-d07e1e83720a-7 so-widget-fittext-wrapper\"\n\t\t\t data-fit-text-compressor=\"0.85\"\n\t\t><div class=\"sow-headline-container \">\n\t<h1 class='sow-headline'>CONTACTO<\/h1>\t\t\t\t\t<div class=\"decoration\">\n\t\t\t\t\t\t<div class=\"decoration-inside\"><\/div>\n\t\t\t\t\t<\/div>\n\t\t\t\t\t<p class='sow-sub-headline'>Sed ut perspiciatis unde omnis iste natus error sit voluptatem accusantium doloremque laudantium, totam rem aperiam, eaque ipsa quae ab illo inventore veritatis et quasi architecto beatae vitae dicta sunt explicabo.<\/p><\/div>\n<\/div><\/div><\/div><\/div><\/div><div id=\"pg-7-2\"  class=\"panel-grid panel-has-style\" ><div class=\"siteorigin-panels-stretch panel-row-style panel-row-style-for-7-2\" id=\"contact-2\" data-stretch-type=\"full\" ><div id=\"pgc-7-2-0\"  class=\"panel-grid-cell\" ><div id=\"panel-7-2-0-0\" class=\"so-panel widget widget_sow-editor panel-first-child panel-last-child\" data-index=\"2\" ><div class=\"panel-widget-style panel-widget-style-for-7-2-0-0\" ><div\n\t\t\t\n\t\t\tclass=\"so-widget-sow-editor so-widget-sow-editor-base\"\n\t\t\t\n\t\t><h3 class=\"widget-title\">Contacto<\/h3>\n<div class=\"siteorigin-widget-tinymce textwidget\">\n\t<p>C\/ Comarca de l\u00b4Horta, 6<\/p>\n<p>46960 Aldaia-Valencia<\/p>\n<p>Tel: 961 526 618<\/p>\n<\/div>\n<\/div><\/div><\/div><\/div><div id=\"pgc-7-2-1\"  class=\"panel-grid-cell\" ><div id=\"panel-7-2-1-0\" class=\"so-panel widget widget_sow-contact-form panel-first-child panel-last-child\" data-index=\"3\" ><div\n\t\t\t\n\t\t\tclass=\"so-widget-sow-contact-form so-widget-sow-contact-form-default-8c385e029782-7\"\n\t\t\t\n\t\t><h3 class=\"widget-title\">CONT\u00c1CTANOS<\/h3>\t<form\n\t\taction=\"\/index.php?rest_route=%2Fwp%2Fv2%2Fpages%2F7\"\n\t\tmethod=\"POST\"\n\t\tclass=\"sow-contact-form\"\n\t\tid=\"contact-form-c489\"\n\t>\n\n\t\t\n\t\t            <div class=\"sow-form-field sow-form-field-name\">\n            \t<label class=\"sow-form-field-label-above\" for=\"sow-contact-form-field-nombre-completo-57cc5d11c5ace\">\n\t\t\t\t<strong>\n\t\t\t\t\tNombre completo\t\t\t\t\t\t\t\t\t<\/strong>\n\t\t\t<\/label>\n\t\t\t\t\t\t\t<span class=\"sow-field-container\">\n\t\t\t\t\t\t\t<input\n\t\t\ttype=\"text\"\n\t\t\tname=\"nombre-completo-57cc5d11c5ace\"\n\t\t\tid=\"sow-contact-form-field-nombre-completo-57cc5d11c5ace\"\n\t\t\tvalue=\"\"\n\t\t\tclass=\"sow-text-field\"\n\t\t\t\t\t\/>\n\t\t\t\t\t\t<\/span>\n\t\t\t\t\t\t\t<\/div>\n\t\t\t            <div class=\"sow-form-field sow-form-field-number\">\n            \t<label class=\"sow-form-field-label-above\" for=\"sow-contact-form-field-telfono-57cc5d11c5ace\">\n\t\t\t\t<strong>\n\t\t\t\t\tTel\u00e9fono\t\t\t\t\t\t\t\t\t<\/strong>\n\t\t\t<\/label>\n\t\t\t\t\t\t\t<span class=\"sow-field-container\">\n\t\t\t\t\t\t\t<input\n\t\t\ttype=\"number\"\n\t\t\tname=\"telfono-57cc5d11c5ace\"\n\t\t\tid=\"sow-contact-form-field-telfono-57cc5d11c5ace\"\n\t\t\tvalue=\"\"\n\t\t\tclass=\"sow-text-field\"\t\t\t\t\t\/>\n\t\t\t\t\t\t<\/span>\n\t\t\t\t\t\t\t<\/div>\n\t\t\t            <div class=\"sow-form-field sow-form-field-email\">\n            \t<label class=\"sow-form-field-label-above\" for=\"sow-contact-form-field-correo-electrnico-57cc5d11c5ace\">\n\t\t\t\t<strong>\n\t\t\t\t\tCorreo electr\u00f3nico\t\t\t\t\t\t\t\t\t<\/strong>\n\t\t\t<\/label>\n\t\t\t\t\t\t\t<span class=\"sow-field-container\">\n\t\t\t\t\t\t\t<input\n\t\t\ttype=\"email\"\n\t\t\tname=\"correo-electrnico-57cc5d11c5ace\"\n\t\t\tid=\"sow-contact-form-field-correo-electrnico-57cc5d11c5ace\"\n\t\t\tvalue=\"\"\n\t\t\tclass=\"sow-text-field\"\t\t\t\t\t\/>\n\t\t\t\t\t\t<\/span>\n\t\t\t\t\t\t\t<\/div>\n\t\t\t            <div class=\"sow-form-field sow-form-field-textarea\">\n            \t<label class=\"sow-form-field-label-above\" for=\"sow-contact-form-field-djanos-tus-comentarios-57cc5d11c5ace\">\n\t\t\t\t<strong>\n\t\t\t\t\tD\u00e9janos tus comentarios\t\t\t\t\t\t\t\t\t<\/strong>\n\t\t\t<\/label>\n\t\t\t\t\t\t\t<span class=\"sow-field-container\">\n\t\t\t\t\t\t\t<textarea\n\t\t\tname=\"djanos-tus-comentarios-57cc5d11c5ace\"\n\t\t\tid=\"sow-contact-form-field-djanos-tus-comentarios-57cc5d11c5ace\"\n\t\t\trows=\"10\"\n\t\t\t\t\t\t\t\t><\/textarea>\n\t\t\t\t\t\t<\/span>\n\t\t\t\t\t\t\t<\/div>\n\t\t\t\t\t\n\t\t\n\t\t\n\t\t<input type=\"hidden\" name=\"instance_hash\" value=\"c489b9466aae62d0b4cf2a372e44269e\" \/>\n\t\t<input type=\"hidden\" id=\"_wpnonce\" name=\"_wpnonce\" value=\"eb638fa983\" \/><input type=\"hidden\" name=\"_wp_http_referer\" value=\"\/index.php?rest_route=%2Fwp%2Fv2%2Fpages%2F7\" \/>\t\t<div class=\"sow-submit-wrapper sow-submit-styled\">\n\n\t\t<button class=\"sow-submit\"\n\t\t\t\t\t\t\t\t>\n\t\t\tEnviar\t\t<\/button>\n\n\t\t<\/div>\n\t<\/form>\n\t<\/div><\/div><\/div><\/div><\/div><div id=\"pg-7-3\"  class=\"panel-grid panel-has-style\" ><div class=\"siteorigin-panels-stretch panel-row-style panel-row-style-for-7-3\" id=\"contact-3\" data-stretch-type=\"full-stretched\" ><div id=\"pgc-7-3-0\"  class=\"panel-grid-cell\" ><div id=\"panel-7-3-0-0\" class=\"so-panel widget widget_sow-google-map panel-first-child panel-last-child\" data-index=\"4\" ><div\n\t\t\t\n\t\t\tclass=\"so-widget-sow-google-map so-widget-sow-google-map-default-da4bf0680fdd-7\"\n\t\t\t\n\t\t>\n<div class=\"sow-google-map-canvas\"\n\tstyle=\"\"\n\tid=\"map-canvas-3d8ccaa649b7eac6b750cf1b279a0e33\"\n\tdata-options=\"{&quot;address&quot;:&quot;&quot;,&quot;zoom&quot;:12,&quot;mobileZoom&quot;:12,&quot;gestureHandling&quot;:&quot;none&quot;,&quot;disableUi&quot;:false,&quot;keepCentered&quot;:true,&quot;markerIcon&quot;:&quot;&quot;,&quot;markersDraggable&quot;:false,&quot;markerAtCenter&quot;:true,&quot;markerInfoDisplay&quot;:&quot;click&quot;,&quot;markerInfoMultiple&quot;:true,&quot;markerPositions&quot;:&quot;&quot;,&quot;mapName&quot;:&quot;Mapa personalizado&quot;,&quot;mapStyles&quot;:[{&quot;featureType&quot;:&quot;water&quot;,&quot;elementType&quot;:&quot;geometry&quot;,&quot;stylers&quot;:[{&quot;color&quot;:&quot;#e9e9e9&quot;},{&quot;lightness&quot;:17}]},{&quot;featureType&quot;:&quot;landscape&quot;,&quot;elementType&quot;:&quot;geometry&quot;,&quot;stylers&quot;:[{&quot;color&quot;:&quot;#f5f5f5&quot;},{&quot;lightness&quot;:20}]},{&quot;featureType&quot;:&quot;road.highway&quot;,&quot;elementType&quot;:&quot;geometry.fill&quot;,&quot;stylers&quot;:[{&quot;color&quot;:&quot;#ffffff&quot;},{&quot;lightness&quot;:17}]},{&quot;featureType&quot;:&quot;road.highway&quot;,&quot;elementType&quot;:&quot;geometry.stroke&quot;,&quot;stylers&quot;:[{&quot;color&quot;:&quot;#ffffff&quot;},{&quot;lightness&quot;:29},{&quot;weight&quot;:0.200000000000000011102230246251565404236316680908203125}]},{&quot;featureType&quot;:&quot;road.arterial&quot;,&quot;elementType&quot;:&quot;geometry&quot;,&quot;stylers&quot;:[{&quot;color&quot;:&quot;#ffffff&quot;},{&quot;lightness&quot;:18}]},{&quot;featureType&quot;:&quot;road.local&quot;,&quot;elementType&quot;:&quot;geometry&quot;,&quot;stylers&quot;:[{&quot;color&quot;:&quot;#ffffff&quot;},{&quot;lightness&quot;:16}]},{&quot;featureType&quot;:&quot;poi&quot;,&quot;elementType&quot;:&quot;geometry&quot;,&quot;stylers&quot;:[{&quot;color&quot;:&quot;#f5f5f5&quot;},{&quot;lightness&quot;:21}]},{&quot;featureType&quot;:&quot;poi.park&quot;,&quot;elementType&quot;:&quot;geometry&quot;,&quot;stylers&quot;:[{&quot;color&quot;:&quot;#dedede&quot;},{&quot;lightness&quot;:21}]},{&quot;elementType&quot;:&quot;labels.text.stroke&quot;,&quot;stylers&quot;:[{&quot;visibility&quot;:&quot;on&quot;},{&quot;color&quot;:&quot;#ffffff&quot;},{&quot;lightness&quot;:16}]},{&quot;elementType&quot;:&quot;labels.text.fill&quot;,&quot;stylers&quot;:[{&quot;saturation&quot;:36},{&quot;color&quot;:&quot;#333333&quot;},{&quot;lightness&quot;:40}]},{&quot;elementType&quot;:&quot;labels.icon&quot;,&quot;stylers&quot;:[{&quot;visibility&quot;:&quot;off&quot;}]},{&quot;featureType&quot;:&quot;transit&quot;,&quot;elementType&quot;:&quot;geometry&quot;,&quot;stylers&quot;:[{&quot;color&quot;:&quot;#f2f2f2&quot;},{&quot;lightness&quot;:19}]},{&quot;featureType&quot;:&quot;administrative&quot;,&quot;elementType&quot;:&quot;geometry.fill&quot;,&quot;stylers&quot;:[{&quot;color&quot;:&quot;#fefefe&quot;},{&quot;lightness&quot;:20}]},{&quot;featureType&quot;:&quot;administrative&quot;,&quot;elementType&quot;:&quot;geometry.stroke&quot;,&quot;stylers&quot;:[{&quot;color&quot;:&quot;#fefefe&quot;},{&quot;lightness&quot;:17},{&quot;weight&quot;:1.1999999999999999555910790149937383830547332763671875}]}],&quot;directions&quot;:&quot;&quot;,&quot;apiKey&quot;:&quot;&quot;,&quot;breakpoint&quot;:&quot;780&quot;}\"\n\tdata-fallback-image=\"{&quot;img&quot;:&quot;&quot;}\"><\/div>\n<\/div><\/div><\/div><\/div><\/div><\/div>","protected":false},"excerpt":{"rendered":"<p>CONTACTO CONTACTO Sed ut perspiciatis unde omnis iste natus error sit voluptatem accusantium doloremque laudantium, totam rem aperiam, eaque ipsa quae ab illo inventore veritatis et quasi architecto beatae vitae dicta sunt explicabo. Contacto C\/ Comarca de l\u00b4Horta, 6 46960 Aldaia-Valencia Tel: 961 526 618 CONT\u00c1CTANOS Nombre completo Tel\u00e9fono Correo electr\u00f3nico D\u00e9janos tus comentarios Enviar<\/p>\n","protected":false},"author":1,"featured_media":0,"parent":0,"menu_order":0,"comment_status":"closed","ping_status":"closed","template":"","meta":{"footnotes":""},"class_list":["post-7","page","type-page","status-publish","hentry","post"],"yoast_head":"<!-- This site is optimized with the Yoast SEO plugin v21.2 - https:\/\/yoast.com\/wordpress\/plugins\/seo\/ -->\n<title>Contacto - FUSCOVA<\/title>\n<meta name=\"robots\" content=\"index, follow, max-snippet:-1, max-image-preview:large, max-video-preview:-1\" \/>\n<link rel=\"canonical\" href=\"https:\/\/fuscova.com\/?page_id=7\" \/>\n<meta property=\"og:locale\" content=\"es_ES\" \/>\n<meta property=\"og:type\" content=\"article\" \/>\n<meta property=\"og:title\" content=\"Contacto - FUSCOVA\" \/>\n<meta property=\"og:description\" content=\"CONTACTO CONTACTO Sed ut perspiciatis unde omnis iste natus error sit voluptatem accusantium doloremque laudantium, totam rem aperiam, eaque ipsa quae ab illo inventore veritatis et quasi architecto beatae vitae dicta sunt explicabo. Contacto C\/ Comarca de l\u00b4Horta, 6 46960 Aldaia-Valencia Tel: 961 526 618 CONT\u00c1CTANOS Nombre completo Tel\u00e9fono Correo electr\u00f3nico D\u00e9janos tus comentarios Enviar\" \/>\n<meta property=\"og:url\" content=\"https:\/\/fuscova.com\/?page_id=7\" \/>\n<meta property=\"og:site_name\" content=\"FUSCOVA\" \/>\n<meta property=\"article:modified_time\" content=\"2023-09-22T11:36:14+00:00\" \/>\n<meta name=\"twitter:card\" content=\"summary_large_image\" \/>\n<meta name=\"twitter:label1\" content=\"Tiempo de lectura\" \/>\n\t<meta name=\"twitter:data1\" content=\"1 minuto\" \/>\n<script type=\"application\/ld+json\" class=\"yoast-schema-graph\">{\"@context\":\"https:\/\/schema.org\",\"@graph\":[{\"@type\":\"WebPage\",\"@id\":\"https:\/\/fuscova.com\/?page_id=7\",\"url\":\"https:\/\/fuscova.com\/?page_id=7\",\"name\":\"Contacto - FUSCOVA\",\"isPartOf\":{\"@id\":\"https:\/\/fuscova.com\/#website\"},\"datePublished\":\"2023-09-18T09:18:42+00:00\",\"dateModified\":\"2023-09-22T11:36:14+00:00\",\"breadcrumb\":{\"@id\":\"https:\/\/fuscova.com\/?page_id=7#breadcrumb\"},\"inLanguage\":\"es\",\"potentialAction\":[{\"@type\":\"ReadAction\",\"target\":[\"https:\/\/fuscova.com\/?page_id=7\"]}]},{\"@type\":\"BreadcrumbList\",\"@id\":\"https:\/\/fuscova.com\/?page_id=7#breadcrumb\",\"itemListElement\":[{\"@type\":\"ListItem\",\"position\":1,\"name\":\"Portada\",\"item\":\"https:\/\/fuscova.com\/\"},{\"@type\":\"ListItem\",\"position\":2,\"name\":\"Contacto\"}]},{\"@type\":\"WebSite\",\"@id\":\"https:\/\/fuscova.com\/#website\",\"url\":\"https:\/\/fuscova.com\/\",\"name\":\"FUSCOVA\",\"description\":\"Empresa dedicada a la carpinteria en general: ba\u00f1os, cocinas, puertas, armarios...\",\"publisher\":{\"@id\":\"https:\/\/fuscova.com\/#organization\"},\"potentialAction\":[{\"@type\":\"SearchAction\",\"target\":{\"@type\":\"EntryPoint\",\"urlTemplate\":\"https:\/\/fuscova.com\/?s={search_term_string}\"},\"query-input\":\"required name=search_term_string\"}],\"inLanguage\":\"es\"},{\"@type\":\"Organization\",\"@id\":\"https:\/\/fuscova.com\/#organization\",\"name\":\"FUSCOVA\",\"url\":\"https:\/\/fuscova.com\/\",\"logo\":{\"@type\":\"ImageObject\",\"inLanguage\":\"es\",\"@id\":\"https:\/\/fuscova.com\/#\/schema\/logo\/image\/\",\"url\":\"https:\/\/fuscova.com\/wp-content\/uploads\/2023\/09\/original-logos_fuscovaPequena-1.jpg\",\"contentUrl\":\"https:\/\/fuscova.com\/wp-content\/uploads\/2023\/09\/original-logos_fuscovaPequena-1.jpg\",\"width\":500,\"height\":250,\"caption\":\"FUSCOVA\"},\"image\":{\"@id\":\"https:\/\/fuscova.com\/#\/schema\/logo\/image\/\"}}]}<\/script>\n<!-- \/ Yoast SEO plugin. -->","yoast_head_json":{"title":"Contacto - FUSCOVA","robots":{"index":"index","follow":"follow","max-snippet":"max-snippet:-1","max-image-preview":"max-image-preview:large","max-video-preview":"max-video-preview:-1"},"canonical":"https:\/\/fuscova.com\/?page_id=7","og_locale":"es_ES","og_type":"article","og_title":"Contacto - FUSCOVA","og_description":"CONTACTO CONTACTO Sed ut perspiciatis unde omnis iste natus error sit voluptatem accusantium doloremque laudantium, totam rem aperiam, eaque ipsa quae ab illo inventore veritatis et quasi architecto beatae vitae dicta sunt explicabo. Contacto C\/ Comarca de l\u00b4Horta, 6 46960 Aldaia-Valencia Tel: 961 526 618 CONT\u00c1CTANOS Nombre completo Tel\u00e9fono Correo electr\u00f3nico D\u00e9janos tus comentarios Enviar","og_url":"https:\/\/fuscova.com\/?page_id=7","og_site_name":"FUSCOVA","article_modified_time":"2023-09-22T11:36:14+00:00","twitter_card":"summary_large_image","twitter_misc":{"Tiempo de lectura":"1 minuto"},"schema":{"@context":"https:\/\/schema.org","@graph":[{"@type":"WebPage","@id":"https:\/\/fuscova.com\/?page_id=7","url":"https:\/\/fuscova.com\/?page_id=7","name":"Contacto - FUSCOVA","isPartOf":{"@id":"https:\/\/fuscova.com\/#website"},"datePublished":"2023-09-18T09:18:42+00:00","dateModified":"2023-09-22T11:36:14+00:00","breadcrumb":{"@id":"https:\/\/fuscova.com\/?page_id=7#breadcrumb"},"inLanguage":"es","potentialAction":[{"@type":"ReadAction","target":["https:\/\/fuscova.com\/?page_id=7"]}]},{"@type":"BreadcrumbList","@id":"https:\/\/fuscova.com\/?page_id=7#breadcrumb","itemListElement":[{"@type":"ListItem","position":1,"name":"Portada","item":"https:\/\/fuscova.com\/"},{"@type":"ListItem","position":2,"name":"Contacto"}]},{"@type":"WebSite","@id":"https:\/\/fuscova.com\/#website","url":"https:\/\/fuscova.com\/","name":"FUSCOVA","description":"Empresa dedicada a la carpinteria en general: ba\u00f1os, cocinas, puertas, armarios...","publisher":{"@id":"https:\/\/fuscova.com\/#organization"},"potentialAction":[{"@type":"SearchAction","target":{"@type":"EntryPoint","urlTemplate":"https:\/\/fuscova.com\/?s={search_term_string}"},"query-input":"required name=search_term_string"}],"inLanguage":"es"},{"@type":"Organization","@id":"https:\/\/fuscova.com\/#organization","name":"FUSCOVA","url":"https:\/\/fuscova.com\/","logo":{"@type":"ImageObject","inLanguage":"es","@id":"https:\/\/fuscova.com\/#\/schema\/logo\/image\/","url":"https:\/\/fuscova.com\/wp-content\/uploads\/2023\/09\/original-logos_fuscovaPequena-1.jpg","contentUrl":"https:\/\/fuscova.com\/wp-content\/uploads\/2023\/09\/original-logos_fuscovaPequena-1.jpg","width":500,"height":250,"caption":"FUSCOVA"},"image":{"@id":"https:\/\/fuscova.com\/#\/schema\/logo\/image\/"}}]}},"_links":{"self":[{"href":"https:\/\/fuscova.com\/index.php?rest_route=\/wp\/v2\/pages\/7","targetHints":{"allow":["GET"]}}],"collection":[{"href":"https:\/\/fuscova.com\/index.php?rest_route=\/wp\/v2\/pages"}],"about":[{"href":"https:\/\/fuscova.com\/index.php?rest_route=\/wp\/v2\/types\/page"}],"author":[{"embeddable":true,"href":"https:\/\/fuscova.com\/index.php?rest_route=\/wp\/v2\/users\/1"}],"replies":[{"embeddable":true,"href":"https:\/\/fuscova.com\/index.php?rest_route=%2Fwp%2Fv2%2Fcomments&post=7"}],"version-history":[{"count":25,"href":"https:\/\/fuscova.com\/index.php?rest_route=\/wp\/v2\/pages\/7\/revisions"}],"predecessor-version":[{"id":202,"href":"https:\/\/fuscova.com\/index.php?rest_route=\/wp\/v2\/pages\/7\/revisions\/202"}],"wp:attachment":[{"href":"https:\/\/fuscova.com\/index.php?rest_route=%2Fwp%2Fv2%2Fmedia&parent=7"}],"curies":[{"name":"wp","href":"https:\/\/api.w.org\/{rel}","templated":true}]}}